{"id":157,"date":"2024-05-24T16:31:31","date_gmt":"2024-05-24T14:31:31","guid":{"rendered":"https:\/\/quartier-latin.ms2.decms.eu\/mentions-legales\/"},"modified":"2024-07-09T17:43:44","modified_gmt":"2024-07-09T15:43:44","slug":"informacao-juridica","status":"publish","type":"page","link":"https:\/\/www.hotelquartierlatin.com\/pt-pt\/informacao-juridica\/","title":{"rendered":"Informa\u00e7\u00e3o jur\u00eddica"},"content":{"rendered":"<p><strong>Propri\u00e9t\u00e9 et responsabilit\u00e9 \u00e9ditoriale<br \/>\n<\/strong><br \/>\n<strong>H\u00f4tel Quartier Latin SAS<\/strong><br \/>\nSIRET : 484\u00a0638\u00a0101 00028<br \/>\nRCS : 484\u00a0638\u00a0101 R. C. S. Paris<br \/>\nCapital social : 3\u00a0714\u00a0000,00 euros<br \/>\nAPE : 5510Z<br \/>\nN\u00b0 TVA intracommunautaire : FR36484638101<\/p>\n<p>Adresse : 9 rue des Ecoles 75005 Paris France<\/p>\n<p><strong>H\u00e9bergement :<\/strong><br \/>\nWPEngine, Inc.<br \/>\nIrongate House, 22-30 Duke\u2019s Place<br \/>\nLondon, EC3A 7LP, United Kingdom<br \/>\nPhone: 08 00 50 53 049<\/p>\n<p><strong>M\u00e9diateur de la consommation :<\/strong><br \/>\nMTV M\u00e9diation Tourisme Voyage<br \/>\nBP 80 303<br \/>\n75823 PARIS CEDEX 17<br \/>\n<a href=\"http:\/\/www.mtv.travel\/\" target=\"_blank\" rel=\"noopener\">www.mtv.travel<\/a><\/p>\n<p><strong>Propri\u00e9t\u00e9 Intellectuelle :<\/strong><br \/>\nL\u2019HOTEL QUARTIER LATIN est propri\u00e9taire ou titulaire des droits de toutes les informations qui sont pr\u00e9sent\u00e9es sur ce site (donn\u00e9es, logos, photos, visuels, bandes sonores\u2026). Toute reproduction totale ou partielle, du contenu de ce site est interdite sans autorisation \u00e9crite et pr\u00e9alable de l\u2019HOTEL QUARTIER LATIN (Code de la Propri\u00e9t\u00e9 Intellectuelle).<\/p>\n<p><strong>Contenu du site et disponibilit\u00e9 du site :<\/strong><br \/>\nToutes les informations concernant L\u2019HOTEL QUARTIER LATIN ne sont pas pr\u00e9sent\u00e9es sur ce site. L\u2019HOTEL QUARTIER LATIN se r\u00e9serve le droit de corriger, \u00e0 tout moment et sans pr\u00e9avis, le contenu de ce site. En aucun cas la responsabilit\u00e9 de L\u2019HOTEL QUARTIER LATIN ne pourra \u00eatre engag\u00e9e en cas d\u2019erreur, de retard ou d\u2019omission des informations.<br \/>\nL\u2019HOTEL QUARTIER LATIN s\u2019efforce, dans la mesure du possible, de maintenir le site accessible de mani\u00e8re permanente, mais n\u2019est pas tenu d\u2019y parvenir (probl\u00e8mes techniques, mises \u00e0 jour, maintenances\u2026).<br \/>\nL\u2019HOTEL QUARTIER LATIN n\u2019est pas responsable des dommages li\u00e9s \u00e0 l\u2019acc\u00e8s ou \u00e0 la non-disponibilit\u00e9 du site et ceci quelle qu\u2019en soit l\u2019origine.<\/p>\n<p>L\u2019HOTEL QUARTIER LATIN n\u2019est pas responsable des cons\u00e9quences li\u00e9es \u00e0 un acc\u00e8s frauduleux au site de l\u2019HOTEL QUARTIER LATIN ou \u00e0 l\u2019utilisation frauduleuse du contenu de ce site.<\/p>\n<p><strong>Liens Hypertextes :<\/strong><br \/>\nDes liens hypertextes contenus dans le site de l\u2019HOTEL QUARTIER LATIN peuvent permettre l\u2019acc\u00e8s \u00e0 des sites qui ne sont pas sous le contr\u00f4le de l\u2019HOTEL QUARTIER LATIN. En cons\u00e9quence l\u2019HOTEL QUARTIER LATIN ne saurait \u00eatre tenu pour responsable du contenu des sites auxquels l\u2019internaute aurait ainsi acc\u00e8s.<br \/>\nLa cr\u00e9ation de tout lien hypertexte renvoyant \u00e0 l\u2019une des pages de site de l\u2019HOTEL QUARTIER LATIN est interdite sauf autorisation \u00e9crite et pr\u00e9alable de l\u2019HOTEL QUARTIER LATIN.<\/p>\n<p><strong>Droit de r\u00e9tractation :<\/strong><br \/>\nEn application de l\u2019article L.121-21-8 du Code de la consommation, les prestations propos\u00e9es sur le site ne permettent pas l\u2019exercice du droit de r\u00e9tractation pr\u00e9vu aux articles L.121-21 et suivants du Code de la consommation en mati\u00e8re de contrats de vente \u00e0 distance.<\/p>\n<p><strong>Confidentialit\u00e9\u00a0:<\/strong><br \/>\nLes donn\u00e9es nominatives ou personnelles r\u00e9sultant de la navigation sur le site de l\u2019HOTEL QUARTIER LATIN sont tenues secr\u00e8tes et ne seront pas divulgu\u00e9es \u00e0 des tiers sauf si la loi le requiert ou si ces donn\u00e9es sont n\u00e9cessaires pour finaliser la relation contractuelle \u00e0 laquelle vous avez souscrit.<br \/>\nLes renseignements transmis par des r\u00e9seaux publics peuvent \u00eatre accessibles \u00e0 des tiers et l\u2019HOTEL QUARTIER LATIN ne peut \u00eatre tenu responsable de divulgation.<\/p>\n<p><strong>Loi Informatique et Libert\u00e9s :<\/strong><br \/>\nConform\u00e9ment \u00e0 la Loi Informatique et Libert\u00e9s, vous disposez d\u2019un droit d\u2019acc\u00e8s, de modification, de rectification et de suppression des donn\u00e9es \u00e0 caract\u00e8re personnel qui vous concernent (article 394 de la Loi Informatique et Libert\u00e9s du 6 janvier 1978 modifi\u00e9e en ao\u00fbt 2004).<\/p>\n","protected":false},"excerpt":{"rendered":"<p>Propri\u00e9t\u00e9 et responsabilit\u00e9 \u00e9ditoriale H\u00f4tel Quartier Latin SAS SIRET : 484\u00a0638\u00a0101 00028 RCS : 484\u00a0638\u00a0101 R. C. S. Paris Capital social : 3\u00a0714\u00a0000,00 euros APE : 5510Z N\u00b0 TVA intracommunautaire : FR36484638101 Adresse : 9 rue des Ecoles 75005 Paris France H\u00e9bergement : WPEngine, Inc. Irongate House, 22-30 Duke\u2019s Place London, EC3A 7LP, United Kingdom [&hellip;]<\/p>\n","protected":false},"author":25,"featured_media":0,"parent":0,"menu_order":0,"comment_status":"closed","ping_status":"closed","template":"","meta":{"footnotes":""},"yoast_head":"<!-- This site is optimized with the Yoast SEO plugin v22.3 - https:\/\/yoast.com\/wordpress\/plugins\/seo\/ -->\n<title>Informa\u00e7\u00e3o jur\u00eddica - H\u00f4tel Quartier Latin<\/title>\n<meta name=\"description\" content=\"Propri\u00e9t\u00e9 et responsabilit\u00e9 \u00e9ditoriale  H\u00f4tel Quartier Latin SAS SIRET : 484\u00a0638\u00a0101 00028 RCS : 484\u00a0638\u00a0101 R. C\" \/>\n<meta name=\"robots\" content=\"index, follow, max-snippet:-1, max-image-preview:large, max-video-preview:-1\" \/>\n<link rel=\"canonical\" href=\"https:\/\/www.hotelquartierlatin.com\/pt-pt\/informacao-juridica\/\" \/>\n<meta property=\"og:locale\" content=\"pt_PT\" \/>\n<meta property=\"og:type\" content=\"article\" \/>\n<meta property=\"og:title\" content=\"Informa\u00e7\u00e3o jur\u00eddica - H\u00f4tel Quartier Latin\" \/>\n<meta property=\"og:description\" content=\"Propri\u00e9t\u00e9 et responsabilit\u00e9 \u00e9ditoriale  H\u00f4tel Quartier Latin SAS SIRET : 484\u00a0638\u00a0101 00028 RCS : 484\u00a0638\u00a0101 R. C\" \/>\n<meta property=\"og:url\" content=\"https:\/\/www.hotelquartierlatin.com\/pt-pt\/informacao-juridica\/\" \/>\n<meta property=\"og:site_name\" content=\"H\u00f4tel Quartier Latin\" \/>\n<meta property=\"article:publisher\" content=\"https:\/\/www.facebook.com\/HotelQuartierLatin\/\" \/>\n<meta property=\"article:modified_time\" content=\"2024-07-09T15:43:44+00:00\" \/>\n<meta name=\"twitter:card\" content=\"summary_large_image\" \/>\n<meta name=\"twitter:label1\" content=\"Tempo estimado de leitura\" \/>\n\t<meta name=\"twitter:data1\" content=\"1 minuto\" \/>\n<script type=\"application\/ld+json\" class=\"yoast-schema-graph\">{\"@context\":\"https:\/\/schema.org\",\"@graph\":[{\"@type\":\"WebPage\",\"@id\":\"https:\/\/www.hotelquartierlatin.com\/pt-pt\/informacao-juridica\/\",\"url\":\"https:\/\/www.hotelquartierlatin.com\/pt-pt\/informacao-juridica\/\",\"name\":\"Informa\u00e7\u00e3o jur\u00eddica - H\u00f4tel Quartier Latin\",\"isPartOf\":{\"@id\":\"https:\/\/www.hotelquartierlatin.com\/pt-pt\/#website\"},\"datePublished\":\"2024-05-24T14:31:31+00:00\",\"dateModified\":\"2024-07-09T15:43:44+00:00\",\"description\":\"Propri\u00e9t\u00e9 et responsabilit\u00e9 \u00e9ditoriale H\u00f4tel Quartier Latin SAS SIRET : 484\u00a0638\u00a0101 00028 RCS : 484\u00a0638\u00a0101 R. C\",\"breadcrumb\":{\"@id\":\"https:\/\/www.hotelquartierlatin.com\/pt-pt\/informacao-juridica\/#breadcrumb\"},\"inLanguage\":\"pt-PT\",\"potentialAction\":[{\"@type\":\"ReadAction\",\"target\":[\"https:\/\/www.hotelquartierlatin.com\/pt-pt\/informacao-juridica\/\"]}]},{\"@type\":\"BreadcrumbList\",\"@id\":\"https:\/\/www.hotelquartierlatin.com\/pt-pt\/informacao-juridica\/#breadcrumb\",\"itemListElement\":[{\"@type\":\"ListItem\",\"position\":1,\"name\":\"Accueil\",\"item\":\"https:\/\/www.hotelquartierlatin.com\/pt-pt\/\"},{\"@type\":\"ListItem\",\"position\":2,\"name\":\"Informa\u00e7\u00e3o jur\u00eddica\"}]},{\"@type\":\"WebSite\",\"@id\":\"https:\/\/www.hotelquartierlatin.com\/pt-pt\/#website\",\"url\":\"https:\/\/www.hotelquartierlatin.com\/pt-pt\/\",\"name\":\"H\u00f4tel Quartier Latin\",\"description\":\"\",\"potentialAction\":[{\"@type\":\"SearchAction\",\"target\":{\"@type\":\"EntryPoint\",\"urlTemplate\":\"https:\/\/www.hotelquartierlatin.com\/pt-pt\/?s={search_term_string}\"},\"query-input\":\"required name=search_term_string\"}],\"inLanguage\":\"pt-PT\"}]}<\/script>\n<!-- \/ Yoast SEO plugin. -->","yoast_head_json":{"title":"Informa\u00e7\u00e3o jur\u00eddica - H\u00f4tel Quartier Latin","description":"Propri\u00e9t\u00e9 et responsabilit\u00e9 \u00e9ditoriale  H\u00f4tel Quartier Latin SAS SIRET : 484\u00a0638\u00a0101 00028 RCS : 484\u00a0638\u00a0101 R. C","robots":{"index":"index","follow":"follow","max-snippet":"max-snippet:-1","max-image-preview":"max-image-preview:large","max-video-preview":"max-video-preview:-1"},"canonical":"https:\/\/www.hotelquartierlatin.com\/pt-pt\/informacao-juridica\/","og_locale":"pt_PT","og_type":"article","og_title":"Informa\u00e7\u00e3o jur\u00eddica - H\u00f4tel Quartier Latin","og_description":"Propri\u00e9t\u00e9 et responsabilit\u00e9 \u00e9ditoriale  H\u00f4tel Quartier Latin SAS SIRET : 484\u00a0638\u00a0101 00028 RCS : 484\u00a0638\u00a0101 R. C","og_url":"https:\/\/www.hotelquartierlatin.com\/pt-pt\/informacao-juridica\/","og_site_name":"H\u00f4tel Quartier Latin","article_publisher":"https:\/\/www.facebook.com\/HotelQuartierLatin\/","article_modified_time":"2024-07-09T15:43:44+00:00","twitter_card":"summary_large_image","twitter_misc":{"Tempo estimado de leitura":"1 minuto"},"schema":{"@context":"https:\/\/schema.org","@graph":[{"@type":"WebPage","@id":"https:\/\/www.hotelquartierlatin.com\/pt-pt\/informacao-juridica\/","url":"https:\/\/www.hotelquartierlatin.com\/pt-pt\/informacao-juridica\/","name":"Informa\u00e7\u00e3o jur\u00eddica - H\u00f4tel Quartier Latin","isPartOf":{"@id":"https:\/\/www.hotelquartierlatin.com\/pt-pt\/#website"},"datePublished":"2024-05-24T14:31:31+00:00","dateModified":"2024-07-09T15:43:44+00:00","description":"Propri\u00e9t\u00e9 et responsabilit\u00e9 \u00e9ditoriale H\u00f4tel Quartier Latin SAS SIRET : 484\u00a0638\u00a0101 00028 RCS : 484\u00a0638\u00a0101 R. C","breadcrumb":{"@id":"https:\/\/www.hotelquartierlatin.com\/pt-pt\/informacao-juridica\/#breadcrumb"},"inLanguage":"pt-PT","potentialAction":[{"@type":"ReadAction","target":["https:\/\/www.hotelquartierlatin.com\/pt-pt\/informacao-juridica\/"]}]},{"@type":"BreadcrumbList","@id":"https:\/\/www.hotelquartierlatin.com\/pt-pt\/informacao-juridica\/#breadcrumb","itemListElement":[{"@type":"ListItem","position":1,"name":"Accueil","item":"https:\/\/www.hotelquartierlatin.com\/pt-pt\/"},{"@type":"ListItem","position":2,"name":"Informa\u00e7\u00e3o jur\u00eddica"}]},{"@type":"WebSite","@id":"https:\/\/www.hotelquartierlatin.com\/pt-pt\/#website","url":"https:\/\/www.hotelquartierlatin.com\/pt-pt\/","name":"H\u00f4tel Quartier Latin","description":"","potentialAction":[{"@type":"SearchAction","target":{"@type":"EntryPoint","urlTemplate":"https:\/\/www.hotelquartierlatin.com\/pt-pt\/?s={search_term_string}"},"query-input":"required name=search_term_string"}],"inLanguage":"pt-PT"}]}},"acf":[],"_links":{"self":[{"href":"https:\/\/www.hotelquartierlatin.com\/pt-pt\/wp-json\/wp\/v2\/pages\/157"}],"collection":[{"href":"https:\/\/www.hotelquartierlatin.com\/pt-pt\/wp-json\/wp\/v2\/pages"}],"about":[{"href":"https:\/\/www.hotelquartierlatin.com\/pt-pt\/wp-json\/wp\/v2\/types\/page"}],"author":[{"embeddable":true,"href":"https:\/\/www.hotelquartierlatin.com\/pt-pt\/wp-json\/wp\/v2\/users\/25"}],"replies":[{"embeddable":true,"href":"https:\/\/www.hotelquartierlatin.com\/pt-pt\/wp-json\/wp\/v2\/comments?post=157"}],"version-history":[{"count":0,"href":"https:\/\/www.hotelquartierlatin.com\/pt-pt\/wp-json\/wp\/v2\/pages\/157\/revisions"}],"wp:attachment":[{"href":"https:\/\/www.hotelquartierlatin.com\/pt-pt\/wp-json\/wp\/v2\/media?parent=157"}],"curies":[{"name":"wp","href":"https:\/\/api.w.org\/{rel}","templated":true}]}}