{"id":149,"date":"2024-05-29T16:40:10","date_gmt":"2024-05-29T14:40:10","guid":{"rendered":"https:\/\/quartier-latin.ms2.decms.eu\/lhotel\/"},"modified":"2024-06-28T15:29:27","modified_gmt":"2024-06-28T13:29:27","slug":"hotel","status":"publish","type":"page","link":"https:\/\/www.hotelquartierlatin.com\/pt-pt\/hotel\/","title":{"rendered":"O hotel"},"content":{"rendered":"","protected":false},"excerpt":{"rendered":"","protected":false},"author":25,"featured_media":0,"parent":0,"menu_order":0,"comment_status":"closed","ping_status":"closed","template":"","meta":{"footnotes":""},"yoast_head":"<!-- This site is optimized with the Yoast SEO plugin v22.3 - https:\/\/yoast.com\/wordpress\/plugins\/seo\/ -->\n<title>O hotel - H\u00f4tel Quartier Latin<\/title>\n<meta name=\"description\" content=\"Empurre a porta deste t\u00edpico edif\u00edcio haussmanniano em Paris. Entre num mundo inspirado na vida liter\u00e1ria parisiense e deixe-se seduzir pela sua decora\u00e7\u00e3o: biblioteca majestosa, veludo e pain\u00e9is de madeira.\" \/>\n<meta name=\"robots\" content=\"index, follow, max-snippet:-1, max-image-preview:large, max-video-preview:-1\" \/>\n<link rel=\"canonical\" href=\"https:\/\/www.hotelquartierlatin.com\/pt-pt\/hotel\/\" \/>\n<meta property=\"og:locale\" content=\"pt_PT\" \/>\n<meta property=\"og:type\" content=\"article\" \/>\n<meta property=\"og:title\" content=\"O hotel - H\u00f4tel Quartier Latin\" \/>\n<meta property=\"og:description\" content=\"Empurre a porta deste t\u00edpico edif\u00edcio haussmanniano em Paris. Entre num mundo inspirado na vida liter\u00e1ria parisiense e deixe-se seduzir pela sua decora\u00e7\u00e3o: biblioteca majestosa, veludo e pain\u00e9is de madeira.\" \/>\n<meta property=\"og:url\" content=\"https:\/\/www.hotelquartierlatin.com\/pt-pt\/hotel\/\" \/>\n<meta property=\"og:site_name\" content=\"H\u00f4tel Quartier Latin\" \/>\n<meta property=\"article:publisher\" content=\"https:\/\/www.facebook.com\/HotelQuartierLatin\/\" \/>\n<meta property=\"article:modified_time\" content=\"2024-06-28T13:29:27+00:00\" \/>\n<meta name=\"twitter:card\" content=\"summary_large_image\" \/>\n<script type=\"application\/ld+json\" class=\"yoast-schema-graph\">{\"@context\":\"https:\/\/schema.org\",\"@graph\":[{\"@type\":\"WebPage\",\"@id\":\"https:\/\/www.hotelquartierlatin.com\/pt-pt\/hotel\/\",\"url\":\"https:\/\/www.hotelquartierlatin.com\/pt-pt\/hotel\/\",\"name\":\"O hotel - H\u00f4tel Quartier Latin\",\"isPartOf\":{\"@id\":\"https:\/\/www.hotelquartierlatin.com\/pt-pt\/#website\"},\"datePublished\":\"2024-05-29T14:40:10+00:00\",\"dateModified\":\"2024-06-28T13:29:27+00:00\",\"description\":\"Empurre a porta deste t\u00edpico edif\u00edcio haussmanniano em Paris. Entre num mundo inspirado na vida liter\u00e1ria parisiense e deixe-se seduzir pela sua decora\u00e7\u00e3o: biblioteca majestosa, veludo e pain\u00e9is de madeira.\",\"breadcrumb\":{\"@id\":\"https:\/\/www.hotelquartierlatin.com\/pt-pt\/hotel\/#breadcrumb\"},\"inLanguage\":\"pt-PT\",\"potentialAction\":[{\"@type\":\"ReadAction\",\"target\":[\"https:\/\/www.hotelquartierlatin.com\/pt-pt\/hotel\/\"]}]},{\"@type\":\"BreadcrumbList\",\"@id\":\"https:\/\/www.hotelquartierlatin.com\/pt-pt\/hotel\/#breadcrumb\",\"itemListElement\":[{\"@type\":\"ListItem\",\"position\":1,\"name\":\"Accueil\",\"item\":\"https:\/\/www.hotelquartierlatin.com\/pt-pt\/\"},{\"@type\":\"ListItem\",\"position\":2,\"name\":\"O hotel\"}]},{\"@type\":\"WebSite\",\"@id\":\"https:\/\/www.hotelquartierlatin.com\/pt-pt\/#website\",\"url\":\"https:\/\/www.hotelquartierlatin.com\/pt-pt\/\",\"name\":\"H\u00f4tel Quartier Latin\",\"description\":\"\",\"potentialAction\":[{\"@type\":\"SearchAction\",\"target\":{\"@type\":\"EntryPoint\",\"urlTemplate\":\"https:\/\/www.hotelquartierlatin.com\/pt-pt\/?s={search_term_string}\"},\"query-input\":\"required name=search_term_string\"}],\"inLanguage\":\"pt-PT\"}]}<\/script>\n<!-- \/ Yoast SEO plugin. -->","yoast_head_json":{"title":"O hotel - H\u00f4tel Quartier Latin","description":"Empurre a porta deste t\u00edpico edif\u00edcio haussmanniano em Paris. Entre num mundo inspirado na vida liter\u00e1ria parisiense e deixe-se seduzir pela sua decora\u00e7\u00e3o: biblioteca majestosa, veludo e pain\u00e9is de madeira.","robots":{"index":"index","follow":"follow","max-snippet":"max-snippet:-1","max-image-preview":"max-image-preview:large","max-video-preview":"max-video-preview:-1"},"canonical":"https:\/\/www.hotelquartierlatin.com\/pt-pt\/hotel\/","og_locale":"pt_PT","og_type":"article","og_title":"O hotel - H\u00f4tel Quartier Latin","og_description":"Empurre a porta deste t\u00edpico edif\u00edcio haussmanniano em Paris. Entre num mundo inspirado na vida liter\u00e1ria parisiense e deixe-se seduzir pela sua decora\u00e7\u00e3o: biblioteca majestosa, veludo e pain\u00e9is de madeira.","og_url":"https:\/\/www.hotelquartierlatin.com\/pt-pt\/hotel\/","og_site_name":"H\u00f4tel Quartier Latin","article_publisher":"https:\/\/www.facebook.com\/HotelQuartierLatin\/","article_modified_time":"2024-06-28T13:29:27+00:00","twitter_card":"summary_large_image","schema":{"@context":"https:\/\/schema.org","@graph":[{"@type":"WebPage","@id":"https:\/\/www.hotelquartierlatin.com\/pt-pt\/hotel\/","url":"https:\/\/www.hotelquartierlatin.com\/pt-pt\/hotel\/","name":"O hotel - H\u00f4tel Quartier Latin","isPartOf":{"@id":"https:\/\/www.hotelquartierlatin.com\/pt-pt\/#website"},"datePublished":"2024-05-29T14:40:10+00:00","dateModified":"2024-06-28T13:29:27+00:00","description":"Empurre a porta deste t\u00edpico edif\u00edcio haussmanniano em Paris. Entre num mundo inspirado na vida liter\u00e1ria parisiense e deixe-se seduzir pela sua decora\u00e7\u00e3o: biblioteca majestosa, veludo e pain\u00e9is de madeira.","breadcrumb":{"@id":"https:\/\/www.hotelquartierlatin.com\/pt-pt\/hotel\/#breadcrumb"},"inLanguage":"pt-PT","potentialAction":[{"@type":"ReadAction","target":["https:\/\/www.hotelquartierlatin.com\/pt-pt\/hotel\/"]}]},{"@type":"BreadcrumbList","@id":"https:\/\/www.hotelquartierlatin.com\/pt-pt\/hotel\/#breadcrumb","itemListElement":[{"@type":"ListItem","position":1,"name":"Accueil","item":"https:\/\/www.hotelquartierlatin.com\/pt-pt\/"},{"@type":"ListItem","position":2,"name":"O hotel"}]},{"@type":"WebSite","@id":"https:\/\/www.hotelquartierlatin.com\/pt-pt\/#website","url":"https:\/\/www.hotelquartierlatin.com\/pt-pt\/","name":"H\u00f4tel Quartier Latin","description":"","potentialAction":[{"@type":"SearchAction","target":{"@type":"EntryPoint","urlTemplate":"https:\/\/www.hotelquartierlatin.com\/pt-pt\/?s={search_term_string}"},"query-input":"required name=search_term_string"}],"inLanguage":"pt-PT"}]}},"acf":[],"_links":{"self":[{"href":"https:\/\/www.hotelquartierlatin.com\/pt-pt\/wp-json\/wp\/v2\/pages\/149"}],"collection":[{"href":"https:\/\/www.hotelquartierlatin.com\/pt-pt\/wp-json\/wp\/v2\/pages"}],"about":[{"href":"https:\/\/www.hotelquartierlatin.com\/pt-pt\/wp-json\/wp\/v2\/types\/page"}],"author":[{"embeddable":true,"href":"https:\/\/www.hotelquartierlatin.com\/pt-pt\/wp-json\/wp\/v2\/users\/25"}],"replies":[{"embeddable":true,"href":"https:\/\/www.hotelquartierlatin.com\/pt-pt\/wp-json\/wp\/v2\/comments?post=149"}],"version-history":[{"count":0,"href":"https:\/\/www.hotelquartierlatin.com\/pt-pt\/wp-json\/wp\/v2\/pages\/149\/revisions"}],"wp:attachment":[{"href":"https:\/\/www.hotelquartierlatin.com\/pt-pt\/wp-json\/wp\/v2\/media?parent=149"}],"curies":[{"name":"wp","href":"https:\/\/api.w.org\/{rel}","templated":true}]}}