{"id":121,"date":"2024-05-24T15:48:43","date_gmt":"2024-05-24T13:48:43","guid":{"rendered":"https:\/\/quartier-latin.ms2.decms.eu\/acces\/"},"modified":"2024-06-28T15:36:29","modified_gmt":"2024-06-28T13:36:29","slug":"acesso","status":"publish","type":"page","link":"https:\/\/www.hotelquartierlatin.com\/pt-pt\/acesso\/","title":{"rendered":"Acesso"},"content":{"rendered":"","protected":false},"excerpt":{"rendered":"","protected":false},"author":25,"featured_media":0,"parent":0,"menu_order":0,"comment_status":"closed","ping_status":"closed","template":"template-location.php","meta":{"footnotes":""},"yoast_head":"<!-- This site is optimized with the Yoast SEO plugin v22.3 - https:\/\/yoast.com\/wordpress\/plugins\/seo\/ -->\n<title>Acesso - H\u00f4tel Quartier Latin<\/title>\n<meta name=\"description\" content=\"Endere\u00e7o: 9 rue des Ecoles 75005 Paris. Metro: Cardinal Lemoine (linha 10) Jussieu (linha 7). Estacionamento p\u00fablico pago perto do hotel\" \/>\n<meta name=\"robots\" content=\"index, follow, max-snippet:-1, max-image-preview:large, max-video-preview:-1\" \/>\n<link rel=\"canonical\" href=\"https:\/\/www.hotelquartierlatin.com\/pt-pt\/acesso\/\" \/>\n<meta property=\"og:locale\" content=\"pt_PT\" \/>\n<meta property=\"og:type\" content=\"article\" \/>\n<meta property=\"og:title\" content=\"Acesso - H\u00f4tel Quartier Latin\" \/>\n<meta property=\"og:description\" content=\"Endere\u00e7o: 9 rue des Ecoles 75005 Paris. Metro: Cardinal Lemoine (linha 10) Jussieu (linha 7). Estacionamento p\u00fablico pago perto do hotel\" \/>\n<meta property=\"og:url\" content=\"https:\/\/www.hotelquartierlatin.com\/pt-pt\/acesso\/\" \/>\n<meta property=\"og:site_name\" content=\"H\u00f4tel Quartier Latin\" \/>\n<meta property=\"article:publisher\" content=\"https:\/\/www.facebook.com\/HotelQuartierLatin\/\" \/>\n<meta property=\"article:modified_time\" content=\"2024-06-28T13:36:29+00:00\" \/>\n<meta name=\"twitter:card\" content=\"summary_large_image\" \/>\n<script type=\"application\/ld+json\" class=\"yoast-schema-graph\">{\"@context\":\"https:\/\/schema.org\",\"@graph\":[{\"@type\":\"WebPage\",\"@id\":\"https:\/\/www.hotelquartierlatin.com\/pt-pt\/acesso\/\",\"url\":\"https:\/\/www.hotelquartierlatin.com\/pt-pt\/acesso\/\",\"name\":\"Acesso - H\u00f4tel Quartier Latin\",\"isPartOf\":{\"@id\":\"https:\/\/www.hotelquartierlatin.com\/pt-pt\/#website\"},\"datePublished\":\"2024-05-24T13:48:43+00:00\",\"dateModified\":\"2024-06-28T13:36:29+00:00\",\"description\":\"Endere\u00e7o: 9 rue des Ecoles 75005 Paris. Metro: Cardinal Lemoine (linha 10) Jussieu (linha 7). Estacionamento p\u00fablico pago perto do hotel\",\"breadcrumb\":{\"@id\":\"https:\/\/www.hotelquartierlatin.com\/pt-pt\/acesso\/#breadcrumb\"},\"inLanguage\":\"pt-PT\",\"potentialAction\":[{\"@type\":\"ReadAction\",\"target\":[\"https:\/\/www.hotelquartierlatin.com\/pt-pt\/acesso\/\"]}]},{\"@type\":\"BreadcrumbList\",\"@id\":\"https:\/\/www.hotelquartierlatin.com\/pt-pt\/acesso\/#breadcrumb\",\"itemListElement\":[{\"@type\":\"ListItem\",\"position\":1,\"name\":\"Accueil\",\"item\":\"https:\/\/www.hotelquartierlatin.com\/pt-pt\/\"},{\"@type\":\"ListItem\",\"position\":2,\"name\":\"Acesso\"}]},{\"@type\":\"WebSite\",\"@id\":\"https:\/\/www.hotelquartierlatin.com\/pt-pt\/#website\",\"url\":\"https:\/\/www.hotelquartierlatin.com\/pt-pt\/\",\"name\":\"H\u00f4tel Quartier Latin\",\"description\":\"\",\"potentialAction\":[{\"@type\":\"SearchAction\",\"target\":{\"@type\":\"EntryPoint\",\"urlTemplate\":\"https:\/\/www.hotelquartierlatin.com\/pt-pt\/?s={search_term_string}\"},\"query-input\":\"required name=search_term_string\"}],\"inLanguage\":\"pt-PT\"}]}<\/script>\n<!-- \/ Yoast SEO plugin. -->","yoast_head_json":{"title":"Acesso - H\u00f4tel Quartier Latin","description":"Endere\u00e7o: 9 rue des Ecoles 75005 Paris. Metro: Cardinal Lemoine (linha 10) Jussieu (linha 7). Estacionamento p\u00fablico pago perto do hotel","robots":{"index":"index","follow":"follow","max-snippet":"max-snippet:-1","max-image-preview":"max-image-preview:large","max-video-preview":"max-video-preview:-1"},"canonical":"https:\/\/www.hotelquartierlatin.com\/pt-pt\/acesso\/","og_locale":"pt_PT","og_type":"article","og_title":"Acesso - H\u00f4tel Quartier Latin","og_description":"Endere\u00e7o: 9 rue des Ecoles 75005 Paris. Metro: Cardinal Lemoine (linha 10) Jussieu (linha 7). Estacionamento p\u00fablico pago perto do hotel","og_url":"https:\/\/www.hotelquartierlatin.com\/pt-pt\/acesso\/","og_site_name":"H\u00f4tel Quartier Latin","article_publisher":"https:\/\/www.facebook.com\/HotelQuartierLatin\/","article_modified_time":"2024-06-28T13:36:29+00:00","twitter_card":"summary_large_image","schema":{"@context":"https:\/\/schema.org","@graph":[{"@type":"WebPage","@id":"https:\/\/www.hotelquartierlatin.com\/pt-pt\/acesso\/","url":"https:\/\/www.hotelquartierlatin.com\/pt-pt\/acesso\/","name":"Acesso - H\u00f4tel Quartier Latin","isPartOf":{"@id":"https:\/\/www.hotelquartierlatin.com\/pt-pt\/#website"},"datePublished":"2024-05-24T13:48:43+00:00","dateModified":"2024-06-28T13:36:29+00:00","description":"Endere\u00e7o: 9 rue des Ecoles 75005 Paris. Metro: Cardinal Lemoine (linha 10) Jussieu (linha 7). Estacionamento p\u00fablico pago perto do hotel","breadcrumb":{"@id":"https:\/\/www.hotelquartierlatin.com\/pt-pt\/acesso\/#breadcrumb"},"inLanguage":"pt-PT","potentialAction":[{"@type":"ReadAction","target":["https:\/\/www.hotelquartierlatin.com\/pt-pt\/acesso\/"]}]},{"@type":"BreadcrumbList","@id":"https:\/\/www.hotelquartierlatin.com\/pt-pt\/acesso\/#breadcrumb","itemListElement":[{"@type":"ListItem","position":1,"name":"Accueil","item":"https:\/\/www.hotelquartierlatin.com\/pt-pt\/"},{"@type":"ListItem","position":2,"name":"Acesso"}]},{"@type":"WebSite","@id":"https:\/\/www.hotelquartierlatin.com\/pt-pt\/#website","url":"https:\/\/www.hotelquartierlatin.com\/pt-pt\/","name":"H\u00f4tel Quartier Latin","description":"","potentialAction":[{"@type":"SearchAction","target":{"@type":"EntryPoint","urlTemplate":"https:\/\/www.hotelquartierlatin.com\/pt-pt\/?s={search_term_string}"},"query-input":"required name=search_term_string"}],"inLanguage":"pt-PT"}]}},"acf":[],"_links":{"self":[{"href":"https:\/\/www.hotelquartierlatin.com\/pt-pt\/wp-json\/wp\/v2\/pages\/121"}],"collection":[{"href":"https:\/\/www.hotelquartierlatin.com\/pt-pt\/wp-json\/wp\/v2\/pages"}],"about":[{"href":"https:\/\/www.hotelquartierlatin.com\/pt-pt\/wp-json\/wp\/v2\/types\/page"}],"author":[{"embeddable":true,"href":"https:\/\/www.hotelquartierlatin.com\/pt-pt\/wp-json\/wp\/v2\/users\/25"}],"replies":[{"embeddable":true,"href":"https:\/\/www.hotelquartierlatin.com\/pt-pt\/wp-json\/wp\/v2\/comments?post=121"}],"version-history":[{"count":0,"href":"https:\/\/www.hotelquartierlatin.com\/pt-pt\/wp-json\/wp\/v2\/pages\/121\/revisions"}],"wp:attachment":[{"href":"https:\/\/www.hotelquartierlatin.com\/pt-pt\/wp-json\/wp\/v2\/media?parent=121"}],"curies":[{"name":"wp","href":"https:\/\/api.w.org\/{rel}","templated":true}]}}