{"id":126,"date":"2024-05-24T15:09:57","date_gmt":"2024-05-24T13:09:57","guid":{"rendered":"https:\/\/quartier-latin.ms2.decms.eu\/page-d-exemple\/"},"modified":"2024-06-07T14:30:17","modified_gmt":"2024-06-07T12:30:17","slug":"page-d-exemple","status":"publish","type":"page","link":"https:\/\/www.hotelquartierlatin.com\/es\/","title":{"rendered":"Bienvenue \u00e0 l&#8217;H\u00f4tel Quartier Latin"},"content":{"rendered":"","protected":false},"excerpt":{"rendered":"","protected":false},"author":25,"featured_media":0,"parent":0,"menu_order":0,"comment_status":"closed","ping_status":"closed","template":"","meta":{"footnotes":""},"yoast_head":"<!-- This site is optimized with the Yoast SEO plugin v22.3 - https:\/\/yoast.com\/wordpress\/plugins\/seo\/ -->\n<title>Bienvenue \u00e0 l&#039;H\u00f4tel Quartier Latin - H\u00f4tel Quartier Latin<\/title>\n<meta name=\"description\" content=\"Bienvenido a la p\u00e1gina web oficial del H\u00f4tel Quartier Latin. Idealmente situado en la Orilla Izquierda. En el coraz\u00f3n del Barrio Latino. Cerca de Notre Dame y del Pante\u00f3n. Estrat\u00e9gicamente situado para visitar Par\u00eds.\" \/>\n<meta name=\"robots\" content=\"index, follow, max-snippet:-1, max-image-preview:large, max-video-preview:-1\" \/>\n<link rel=\"canonical\" href=\"https:\/\/www.hotelquartierlatin.com\/es\/\" \/>\n<meta property=\"og:locale\" content=\"es_ES\" \/>\n<meta property=\"og:type\" content=\"article\" \/>\n<meta property=\"og:title\" content=\"Bienvenue \u00e0 l&#039;H\u00f4tel Quartier Latin - H\u00f4tel Quartier Latin\" \/>\n<meta property=\"og:description\" content=\"Bienvenido a la p\u00e1gina web oficial del H\u00f4tel Quartier Latin. Idealmente situado en la Orilla Izquierda. En el coraz\u00f3n del Barrio Latino. Cerca de Notre Dame y del Pante\u00f3n. Estrat\u00e9gicamente situado para visitar Par\u00eds.\" \/>\n<meta property=\"og:url\" content=\"https:\/\/www.hotelquartierlatin.com\/es\/\" \/>\n<meta property=\"og:site_name\" content=\"H\u00f4tel Quartier Latin\" \/>\n<meta property=\"article:publisher\" content=\"https:\/\/www.facebook.com\/HotelQuartierLatin\/\" \/>\n<meta property=\"article:modified_time\" content=\"2024-06-07T12:30:17+00:00\" \/>\n<meta name=\"twitter:card\" content=\"summary_large_image\" \/>\n<script type=\"application\/ld+json\" class=\"yoast-schema-graph\">{\"@context\":\"https:\/\/schema.org\",\"@graph\":[{\"@type\":\"WebPage\",\"@id\":\"https:\/\/www.hotelquartierlatin.com\/es\/\",\"url\":\"https:\/\/www.hotelquartierlatin.com\/es\/\",\"name\":\"Bienvenue \u00e0 l'H\u00f4tel Quartier Latin - H\u00f4tel Quartier Latin\",\"isPartOf\":{\"@id\":\"https:\/\/www.hotelquartierlatin.com\/es\/#website\"},\"datePublished\":\"2024-05-24T13:09:57+00:00\",\"dateModified\":\"2024-06-07T12:30:17+00:00\",\"description\":\"Bienvenido a la p\u00e1gina web oficial del H\u00f4tel Quartier Latin. Idealmente situado en la Orilla Izquierda. En el coraz\u00f3n del Barrio Latino. Cerca de Notre Dame y del Pante\u00f3n. Estrat\u00e9gicamente situado para visitar Par\u00eds.\",\"breadcrumb\":{\"@id\":\"https:\/\/www.hotelquartierlatin.com\/es\/#breadcrumb\"},\"inLanguage\":\"es\",\"potentialAction\":[{\"@type\":\"ReadAction\",\"target\":[\"https:\/\/www.hotelquartierlatin.com\/es\/\"]}]},{\"@type\":\"BreadcrumbList\",\"@id\":\"https:\/\/www.hotelquartierlatin.com\/es\/#breadcrumb\",\"itemListElement\":[{\"@type\":\"ListItem\",\"position\":1,\"name\":\"Accueil\",\"item\":\"https:\/\/www.hotelquartierlatin.com\/es\/\"},{\"@type\":\"ListItem\",\"position\":2,\"name\":\"Bienvenue \u00e0 l&rsquo;H\u00f4tel Quartier Latin\"}]},{\"@type\":\"WebSite\",\"@id\":\"https:\/\/www.hotelquartierlatin.com\/es\/#website\",\"url\":\"https:\/\/www.hotelquartierlatin.com\/es\/\",\"name\":\"H\u00f4tel Quartier Latin\",\"description\":\"\",\"potentialAction\":[{\"@type\":\"SearchAction\",\"target\":{\"@type\":\"EntryPoint\",\"urlTemplate\":\"https:\/\/www.hotelquartierlatin.com\/es\/?s={search_term_string}\"},\"query-input\":\"required name=search_term_string\"}],\"inLanguage\":\"es\"}]}<\/script>\n<!-- \/ Yoast SEO plugin. -->","yoast_head_json":{"title":"Bienvenue \u00e0 l'H\u00f4tel Quartier Latin - H\u00f4tel Quartier Latin","description":"Bienvenido a la p\u00e1gina web oficial del H\u00f4tel Quartier Latin. Idealmente situado en la Orilla Izquierda. En el coraz\u00f3n del Barrio Latino. Cerca de Notre Dame y del Pante\u00f3n. Estrat\u00e9gicamente situado para visitar Par\u00eds.","robots":{"index":"index","follow":"follow","max-snippet":"max-snippet:-1","max-image-preview":"max-image-preview:large","max-video-preview":"max-video-preview:-1"},"canonical":"https:\/\/www.hotelquartierlatin.com\/es\/","og_locale":"es_ES","og_type":"article","og_title":"Bienvenue \u00e0 l'H\u00f4tel Quartier Latin - H\u00f4tel Quartier Latin","og_description":"Bienvenido a la p\u00e1gina web oficial del H\u00f4tel Quartier Latin. Idealmente situado en la Orilla Izquierda. En el coraz\u00f3n del Barrio Latino. Cerca de Notre Dame y del Pante\u00f3n. Estrat\u00e9gicamente situado para visitar Par\u00eds.","og_url":"https:\/\/www.hotelquartierlatin.com\/es\/","og_site_name":"H\u00f4tel Quartier Latin","article_publisher":"https:\/\/www.facebook.com\/HotelQuartierLatin\/","article_modified_time":"2024-06-07T12:30:17+00:00","twitter_card":"summary_large_image","schema":{"@context":"https:\/\/schema.org","@graph":[{"@type":"WebPage","@id":"https:\/\/www.hotelquartierlatin.com\/es\/","url":"https:\/\/www.hotelquartierlatin.com\/es\/","name":"Bienvenue \u00e0 l'H\u00f4tel Quartier Latin - H\u00f4tel Quartier Latin","isPartOf":{"@id":"https:\/\/www.hotelquartierlatin.com\/es\/#website"},"datePublished":"2024-05-24T13:09:57+00:00","dateModified":"2024-06-07T12:30:17+00:00","description":"Bienvenido a la p\u00e1gina web oficial del H\u00f4tel Quartier Latin. Idealmente situado en la Orilla Izquierda. En el coraz\u00f3n del Barrio Latino. Cerca de Notre Dame y del Pante\u00f3n. Estrat\u00e9gicamente situado para visitar Par\u00eds.","breadcrumb":{"@id":"https:\/\/www.hotelquartierlatin.com\/es\/#breadcrumb"},"inLanguage":"es","potentialAction":[{"@type":"ReadAction","target":["https:\/\/www.hotelquartierlatin.com\/es\/"]}]},{"@type":"BreadcrumbList","@id":"https:\/\/www.hotelquartierlatin.com\/es\/#breadcrumb","itemListElement":[{"@type":"ListItem","position":1,"name":"Accueil","item":"https:\/\/www.hotelquartierlatin.com\/es\/"},{"@type":"ListItem","position":2,"name":"Bienvenue \u00e0 l&rsquo;H\u00f4tel Quartier Latin"}]},{"@type":"WebSite","@id":"https:\/\/www.hotelquartierlatin.com\/es\/#website","url":"https:\/\/www.hotelquartierlatin.com\/es\/","name":"H\u00f4tel Quartier Latin","description":"","potentialAction":[{"@type":"SearchAction","target":{"@type":"EntryPoint","urlTemplate":"https:\/\/www.hotelquartierlatin.com\/es\/?s={search_term_string}"},"query-input":"required name=search_term_string"}],"inLanguage":"es"}]}},"acf":[],"_links":{"self":[{"href":"https:\/\/www.hotelquartierlatin.com\/es\/wp-json\/wp\/v2\/pages\/126"}],"collection":[{"href":"https:\/\/www.hotelquartierlatin.com\/es\/wp-json\/wp\/v2\/pages"}],"about":[{"href":"https:\/\/www.hotelquartierlatin.com\/es\/wp-json\/wp\/v2\/types\/page"}],"author":[{"embeddable":true,"href":"https:\/\/www.hotelquartierlatin.com\/es\/wp-json\/wp\/v2\/users\/25"}],"replies":[{"embeddable":true,"href":"https:\/\/www.hotelquartierlatin.com\/es\/wp-json\/wp\/v2\/comments?post=126"}],"version-history":[{"count":0,"href":"https:\/\/www.hotelquartierlatin.com\/es\/wp-json\/wp\/v2\/pages\/126\/revisions"}],"wp:attachment":[{"href":"https:\/\/www.hotelquartierlatin.com\/es\/wp-json\/wp\/v2\/media?parent=126"}],"curies":[{"name":"wp","href":"https:\/\/api.w.org\/{rel}","templated":true}]}}