{"id":123,"date":"2024-05-24T15:09:57","date_gmt":"2024-05-24T13:09:57","guid":{"rendered":"https:\/\/quartier-latin.ms2.decms.eu\/page-d-exemple\/"},"modified":"2025-02-12T13:30:30","modified_gmt":"2025-02-12T12:30:30","slug":"page-d-exemple","status":"publish","type":"page","link":"https:\/\/www.hotelquartierlatin.com\/en\/","title":{"rendered":"Welcome to the H\u00f4tel Quartier Latin"},"content":{"rendered":"","protected":false},"excerpt":{"rendered":"","protected":false},"author":25,"featured_media":0,"parent":0,"menu_order":0,"comment_status":"closed","ping_status":"closed","template":"","meta":{"footnotes":""},"yoast_head":"<!-- This site is optimized with the Yoast SEO plugin v22.3 - https:\/\/yoast.com\/wordpress\/plugins\/seo\/ -->\n<title>Welcome to the H\u00f4tel Quartier Latin - H\u00f4tel Quartier Latin<\/title>\n<meta name=\"description\" content=\"Welcome to the official website of the H\u00f4tel Quartier Latin. Ideally located on the Left Bank, in the heart of the Latin Quarter. Close to Notre Dame and the Pantheon. Strategically located for visiting Paris.\" \/>\n<meta name=\"robots\" content=\"index, follow, max-snippet:-1, max-image-preview:large, max-video-preview:-1\" \/>\n<link rel=\"canonical\" href=\"https:\/\/www.hotelquartierlatin.com\/en\/\" \/>\n<meta property=\"og:locale\" content=\"en_US\" \/>\n<meta property=\"og:type\" content=\"article\" \/>\n<meta property=\"og:title\" content=\"Welcome to the H\u00f4tel Quartier Latin - H\u00f4tel Quartier Latin\" \/>\n<meta property=\"og:description\" content=\"Welcome to the official website of the H\u00f4tel Quartier Latin. Ideally located on the Left Bank, in the heart of the Latin Quarter. Close to Notre Dame and the Pantheon. Strategically located for visiting Paris.\" \/>\n<meta property=\"og:url\" content=\"https:\/\/www.hotelquartierlatin.com\/en\/\" \/>\n<meta property=\"og:site_name\" content=\"H\u00f4tel Quartier Latin\" \/>\n<meta property=\"article:publisher\" content=\"https:\/\/www.facebook.com\/HotelQuartierLatin\/\" \/>\n<meta property=\"article:modified_time\" content=\"2025-02-12T12:30:30+00:00\" \/>\n<meta name=\"twitter:card\" content=\"summary_large_image\" \/>\n<script type=\"application\/ld+json\" class=\"yoast-schema-graph\">{\"@context\":\"https:\/\/schema.org\",\"@graph\":[{\"@type\":\"WebPage\",\"@id\":\"https:\/\/www.hotelquartierlatin.com\/en\/\",\"url\":\"https:\/\/www.hotelquartierlatin.com\/en\/\",\"name\":\"Welcome to the H\u00f4tel Quartier Latin - H\u00f4tel Quartier Latin\",\"isPartOf\":{\"@id\":\"https:\/\/www.hotelquartierlatin.com\/en\/#website\"},\"datePublished\":\"2024-05-24T13:09:57+00:00\",\"dateModified\":\"2025-02-12T12:30:30+00:00\",\"description\":\"Welcome to the official website of the H\u00f4tel Quartier Latin. Ideally located on the Left Bank, in the heart of the Latin Quarter. Close to Notre Dame and the Pantheon. Strategically located for visiting Paris.\",\"breadcrumb\":{\"@id\":\"https:\/\/www.hotelquartierlatin.com\/en\/#breadcrumb\"},\"inLanguage\":\"en-US\",\"potentialAction\":[{\"@type\":\"ReadAction\",\"target\":[\"https:\/\/www.hotelquartierlatin.com\/en\/\"]}]},{\"@type\":\"BreadcrumbList\",\"@id\":\"https:\/\/www.hotelquartierlatin.com\/en\/#breadcrumb\",\"itemListElement\":[{\"@type\":\"ListItem\",\"position\":1,\"name\":\"Accueil\",\"item\":\"https:\/\/www.hotelquartierlatin.com\/en\/\"},{\"@type\":\"ListItem\",\"position\":2,\"name\":\"Welcome to the H\u00f4tel Quartier Latin\"}]},{\"@type\":\"WebSite\",\"@id\":\"https:\/\/www.hotelquartierlatin.com\/en\/#website\",\"url\":\"https:\/\/www.hotelquartierlatin.com\/en\/\",\"name\":\"H\u00f4tel Quartier Latin\",\"description\":\"\",\"potentialAction\":[{\"@type\":\"SearchAction\",\"target\":{\"@type\":\"EntryPoint\",\"urlTemplate\":\"https:\/\/www.hotelquartierlatin.com\/en\/?s={search_term_string}\"},\"query-input\":\"required name=search_term_string\"}],\"inLanguage\":\"en-US\"}]}<\/script>\n<!-- \/ Yoast SEO plugin. -->","yoast_head_json":{"title":"Welcome to the H\u00f4tel Quartier Latin - H\u00f4tel Quartier Latin","description":"Welcome to the official website of the H\u00f4tel Quartier Latin. Ideally located on the Left Bank, in the heart of the Latin Quarter. Close to Notre Dame and the Pantheon. Strategically located for visiting Paris.","robots":{"index":"index","follow":"follow","max-snippet":"max-snippet:-1","max-image-preview":"max-image-preview:large","max-video-preview":"max-video-preview:-1"},"canonical":"https:\/\/www.hotelquartierlatin.com\/en\/","og_locale":"en_US","og_type":"article","og_title":"Welcome to the H\u00f4tel Quartier Latin - H\u00f4tel Quartier Latin","og_description":"Welcome to the official website of the H\u00f4tel Quartier Latin. Ideally located on the Left Bank, in the heart of the Latin Quarter. Close to Notre Dame and the Pantheon. Strategically located for visiting Paris.","og_url":"https:\/\/www.hotelquartierlatin.com\/en\/","og_site_name":"H\u00f4tel Quartier Latin","article_publisher":"https:\/\/www.facebook.com\/HotelQuartierLatin\/","article_modified_time":"2025-02-12T12:30:30+00:00","twitter_card":"summary_large_image","schema":{"@context":"https:\/\/schema.org","@graph":[{"@type":"WebPage","@id":"https:\/\/www.hotelquartierlatin.com\/en\/","url":"https:\/\/www.hotelquartierlatin.com\/en\/","name":"Welcome to the H\u00f4tel Quartier Latin - H\u00f4tel Quartier Latin","isPartOf":{"@id":"https:\/\/www.hotelquartierlatin.com\/en\/#website"},"datePublished":"2024-05-24T13:09:57+00:00","dateModified":"2025-02-12T12:30:30+00:00","description":"Welcome to the official website of the H\u00f4tel Quartier Latin. Ideally located on the Left Bank, in the heart of the Latin Quarter. Close to Notre Dame and the Pantheon. Strategically located for visiting Paris.","breadcrumb":{"@id":"https:\/\/www.hotelquartierlatin.com\/en\/#breadcrumb"},"inLanguage":"en-US","potentialAction":[{"@type":"ReadAction","target":["https:\/\/www.hotelquartierlatin.com\/en\/"]}]},{"@type":"BreadcrumbList","@id":"https:\/\/www.hotelquartierlatin.com\/en\/#breadcrumb","itemListElement":[{"@type":"ListItem","position":1,"name":"Accueil","item":"https:\/\/www.hotelquartierlatin.com\/en\/"},{"@type":"ListItem","position":2,"name":"Welcome to the H\u00f4tel Quartier Latin"}]},{"@type":"WebSite","@id":"https:\/\/www.hotelquartierlatin.com\/en\/#website","url":"https:\/\/www.hotelquartierlatin.com\/en\/","name":"H\u00f4tel Quartier Latin","description":"","potentialAction":[{"@type":"SearchAction","target":{"@type":"EntryPoint","urlTemplate":"https:\/\/www.hotelquartierlatin.com\/en\/?s={search_term_string}"},"query-input":"required name=search_term_string"}],"inLanguage":"en-US"}]}},"acf":[],"_links":{"self":[{"href":"https:\/\/www.hotelquartierlatin.com\/en\/wp-json\/wp\/v2\/pages\/123"}],"collection":[{"href":"https:\/\/www.hotelquartierlatin.com\/en\/wp-json\/wp\/v2\/pages"}],"about":[{"href":"https:\/\/www.hotelquartierlatin.com\/en\/wp-json\/wp\/v2\/types\/page"}],"author":[{"embeddable":true,"href":"https:\/\/www.hotelquartierlatin.com\/en\/wp-json\/wp\/v2\/users\/25"}],"replies":[{"embeddable":true,"href":"https:\/\/www.hotelquartierlatin.com\/en\/wp-json\/wp\/v2\/comments?post=123"}],"version-history":[{"count":0,"href":"https:\/\/www.hotelquartierlatin.com\/en\/wp-json\/wp\/v2\/pages\/123\/revisions"}],"wp:attachment":[{"href":"https:\/\/www.hotelquartierlatin.com\/en\/wp-json\/wp\/v2\/media?parent=123"}],"curies":[{"name":"wp","href":"https:\/\/api.w.org\/{rel}","templated":true}]}}